{"id":2974,"date":"2025-02-05T13:14:55","date_gmt":"2025-02-05T12:14:55","guid":{"rendered":"https:\/\/highlandcorporate.com\/politica-de-privacidad\/"},"modified":"2025-06-24T09:56:44","modified_gmt":"2025-06-24T07:56:44","slug":"politica-de-privacidad","status":"publish","type":"page","link":"https:\/\/highlandcorporate.com\/en\/politica-de-privacidad\/","title":{"rendered":"Pol\u00edtica de privacidad"},"content":{"rendered":"\t\t<div data-elementor-type=\"wp-page\" data-elementor-id=\"2974\" class=\"elementor elementor-2974 elementor-2709\" data-elementor-post-type=\"page\">\n\t\t\t\t<div class=\"elementor-element elementor-element-82a5dac e-con-full e-flex e-con e-parent\" data-id=\"82a5dac\" data-element_type=\"container\" data-settings=\"{&quot;background_background&quot;:&quot;classic&quot;}\">\n\t\t<div class=\"elementor-element elementor-element-cf99411 e-flex e-con-boxed e-con e-child\" data-id=\"cf99411\" data-element_type=\"container\">\n\t\t\t\t\t<div class=\"e-con-inner\">\n\t\t\t\t<div class=\"elementor-element elementor-element-9ab051a elementor-widget elementor-widget-heading\" data-id=\"9ab051a\" data-element_type=\"widget\" data-widget_type=\"heading.default\">\n\t\t\t\t<div class=\"elementor-widget-container\">\n\t\t\t\t\t<h2 class=\"elementor-heading-title elementor-size-default\">Pol\u00edtica de privacidad \n<\/h2>\t\t\t\t<\/div>\n\t\t\t\t<\/div>\n\t\t\t\t<div class=\"elementor-element elementor-element-cac777b elementor-widget elementor-widget-text-editor\" data-id=\"cac777b\" data-element_type=\"widget\" data-widget_type=\"text-editor.default\">\n\t\t\t\t<div class=\"elementor-widget-container\">\n\t\t\t\t\t\t\t\t\t<p><b>POL\u00cdTICA DE PRIVACIDAD \u201cSUS DATOS SEGUROS\u201d<\/b><\/p><p><strong>\u00a0<\/strong><\/p><p><strong>Informaci\u00f3n en cumplimiento de la normativa de protecci\u00f3n de datos personales<\/strong><br \/>En Europa y en Espa\u00f1a existen normas de protecci\u00f3n de datos pensadas para proteger su informaci\u00f3n personal de obligado cumplimiento para nuestra entidad.<br \/>Por ello, es muy importante para nosotros que entienda perfectamente qu\u00e9 vamos a hacer con los datos personales que le pedimos.<br \/>As\u00ed, seremos transparentes y le daremos el control de sus datos, con un lenguaje sencillo y opciones claras que le permitir\u00e1n decidir qu\u00e9 haremos con su informaci\u00f3n personal.<br \/>Por favor, si una vez le\u00edda la presente informaci\u00f3n le queda alguna duda, no dude en preguntarnos.<br \/>Muchas gracias por su colaboraci\u00f3n.<\/p><p><strong>\u00a0<\/strong><\/p><p><strong>\u00bfQui\u00e9nes somos?<\/strong><br \/>Nuestra denominaci\u00f3n: HIGHLAND FINANZAS CORPORATIVAS, S.L<br \/>Nuestro CIF \/ NIF: B98580053<br \/>Nuestra actividad principal: ASESORAMIENTO EMPRESARIAL<br \/>Nuestra direcci\u00f3n: Calle Correos, 1 &#8211; 4\u00ba, 46002 &#8211; Valencia (Valencia\/Val\u00e8ncia)<br \/>Nuestro tel\u00e9fono de contacto: 699981530<br \/>Nuestra direcci\u00f3n de correo electr\u00f3nico de contacto: juanma.piqueres@highlandcorporate.com<br \/>Nuestra p\u00e1gina web: http:\/\/www.highlandcorporate.com<\/p><p>Para su confianza y seguridad, le informamos que somos una entidad inscrita en el siguiente Registro Mercantil: Inscrita en el Registro Mercantil de Valencia, Tomo 9718, Folio 183, hoja V-156979, inscripci\u00f3n 1\u00ba.<\/p><p>Estamos a su disposici\u00f3n, no dude en contactar con nosotros.<\/p><p><strong>\u00a0<\/strong><\/p><p><strong>\u00bfPara qu\u00e9 vamos a usar sus datos?<\/strong><br \/>Con car\u00e1cter general, sus datos personales ser\u00e1n usados para poder relacionarnos con usted y poder prestarle nuestros servicios.<br \/>Asimismo, tambi\u00e9n pueden ser usados para otras actividades, como enviarle publicidad o promocionar nuestras actividades.<\/p><p><strong>\u00a0<\/strong><\/p><p><strong>\u00bfPor qu\u00e9 necesitamos usar sus datos?<\/strong><br \/>Sus datos personales son necesarios para poder relacionarnos con usted y poder prestarle nuestros servicios. En este sentido, pondremos a su disposici\u00f3n una serie de casillas que le permitir\u00e1n decidir de manera clara y sencilla sobre el uso de su informaci\u00f3n personal.<\/p><p><strong>\u00a0<\/strong><\/p><p><strong>\u00bfQui\u00e9n va a conocer la informaci\u00f3n que le pedimos?<\/strong><br \/>Con car\u00e1cter general, s\u00f3lo el personal de nuestra entidad que est\u00e9 debidamente autorizado podr\u00e1 tener conocimiento de la informaci\u00f3n que le pedimos.<br \/>De igual modo, podr\u00e1n tener conocimiento de su informaci\u00f3n personal aquellas entidades que necesiten tener acceso a la misma para que podamos prestarle nuestros servicios. As\u00ed por ejemplo, nuestro banco conocer\u00e1 sus datos si el pago de nuestros servicios se realiza mediante tarjeta o transferencia bancaria.<br \/>Asimismo, tendr\u00e1n conocimiento de su informaci\u00f3n aquellas entidades p\u00fablicas o privadas a las cuales estemos obligados a facilitar sus datos personales con motivo del cumplimiento de alguna ley. Poni\u00e9ndole un ejemplo, la Ley Tributaria obliga a facilitar a la Agencia Tributaria determinada informaci\u00f3n sobre operaciones econ\u00f3micas que superen una determinada cantidad.<br \/>En el caso de que, al margen de los supuestos comentados, necesitemos dar a conocer su informaci\u00f3n personal a otras entidades, le solicitaremos previamente su permiso a trav\u00e9s de opciones claras que le permitir\u00e1n decidir a este respecto.<\/p><p><strong>\u00a0<\/strong><\/p><p><strong>\u00bfC\u00f3mo vamos a proteger sus datos?<\/strong><br \/>Protegeremos sus datos con medidas de seguridad eficaces en funci\u00f3n de los riesgos que conlleve el uso de su informaci\u00f3n.<br \/>Para ello, nuestra entidad ha aprobado una Pol\u00edtica de Protecci\u00f3n de Datos y se realizan controles y auditor\u00edas anuales para verificar que sus datos personales est\u00e1n seguros en todo momento.<\/p><p><strong>\u00a0<\/strong><\/p><p><strong>\u00bfEnviaremos sus datos a otros pa\u00edses?<\/strong><br \/>En el mundo hay pa\u00edses que son seguros para sus datos y otros que no lo son tanto. As\u00ed por ejemplo, la Uni\u00f3n Europea es un entorno seguro para sus datos. Nuestra pol\u00edtica es no enviar su informaci\u00f3n personal a ning\u00fan pa\u00eds que no sea seguro desde el punto de vista de la protecci\u00f3n de sus datos.<br \/>En el caso de que, con motivo de prestarle el servicio, sea imprescindible enviar sus datos a un pa\u00eds que no sea tan seguro como Espa\u00f1a, siempre le solicitaremos previamente su permiso y aplicaremos medidas de seguridad eficaces que reduzcan los riesgos del env\u00edo de su informaci\u00f3n personal a otro pa\u00eds.<\/p><p><strong>\u00a0<\/strong><\/p><p><strong>\u00bfDurante cu\u00e1nto tiempo vamos a conservar sus datos?<\/strong><br \/>Conservaremos sus datos durante nuestra relaci\u00f3n y mientras nos obliguen las leyes. Una vez finalizados los plazos legales aplicables, procederemos a eliminarlos de forma segura y respetuosa con el medio ambiente.<\/p><p><strong>\u00a0<\/strong><\/p><p><strong>\u00bfCu\u00e1les son sus derechos de protecci\u00f3n de datos?<\/strong><br \/>En cualquier momento puede dirigirse a nosotros para saber qu\u00e9 informaci\u00f3n tenemos sobre usted, rectificarla si fuese incorrecta y eliminarla una vez finalizada nuestra relaci\u00f3n, en el caso de que ello sea legalmente posible.<br \/>Tambi\u00e9n tiene derecho a solicitar el traspaso de su informaci\u00f3n a otra entidad. Este derecho se llama \u201cportabilidad\u201d y puede ser \u00fatil en determinadas situaciones.<br \/>Para solicitar alguno de estos derechos, deber\u00e1 realizar una solicitud escrita a nuestra direcci\u00f3n, junto con una fotocopia de su DNI, para poder identificarle.<br \/>En las oficinas de nuestra entidad disponemos de formularios espec\u00edficos para solicitar dichos derechos y le ofrecemos nuestra ayuda para su cumplimentaci\u00f3n.<br \/>Para saber m\u00e1s sobre sus derechos de protecci\u00f3n de datos, puede consultar la p\u00e1gina web de la Agencia Espa\u00f1ola de Protecci\u00f3n de Datos (www.agpd.es).<\/p><p><strong>\u00a0<\/strong><\/p><p><strong>\u00bfPuede retirar su consentimiento si cambia de opini\u00f3n en un momento posterior?<\/strong><br \/>Usted puede retirar su consentimiento si cambia de opini\u00f3n sobre el uso de sus datos en cualquier momento.<br \/>As\u00ed por ejemplo, si usted en su d\u00eda estuvo interesado\/a en recibir publicidad de nuestros productos o servicios, pero ya no desea recibir m\u00e1s publicidad, puede hac\u00e9rnoslo constar a trav\u00e9s del formulario de oposici\u00f3n al tratamiento disponible en las oficinas de nuestra entidad.<\/p><p><strong>\u00a0<\/strong><\/p><p><strong>En caso de que entienda que sus derechos han sido desatendidos, \u00bfd\u00f3nde puede formular una reclamaci\u00f3n?<\/strong><br \/>En caso de que entienda que sus derechos han sido desatendidos por nuestra entidad, puede formular una reclamaci\u00f3n en la Agencia Espa\u00f1ola de Protecci\u00f3n de Datos, a trav\u00e9s de alguno de los medios siguientes:<br \/>Sede electr\u00f3nica: www.agpd.es<br \/>Direcci\u00f3n postal: Agencia Espa\u00f1ola de Protecci\u00f3n de Datos.\u00a0C\/ Jorge Juan, 6,\u00a028001-Madrid<br \/>V\u00eda telef\u00f3nica: Telf. 901 100 099. Telf. 91 266 35 17<br \/>Formular una reclamaci\u00f3n en la Agencia Espa\u00f1ola de Protecci\u00f3n de Datos no conlleva ning\u00fan coste y no es necesaria la asistencia de abogado ni procurador.<\/p><p><strong>\u00a0<\/strong><\/p><p><strong>\u00bfElaboraremos perfiles sobre usted?<\/strong><br \/>Nuestra pol\u00edtica es no elaborar perfiles sobre los usuarios de nuestros servicios.<br \/>No obstante, pueden existir situaciones en las que, con fines de prestaci\u00f3n del servicio, comerciales o de otro tipo, necesitemos elaborar perfiles de informaci\u00f3n sobre usted. Un ejemplo pudiera ser la utilizaci\u00f3n de su historial de compras o servicios para poder ofrecerle productos o servicios adaptados a sus gustos o necesidades.<br \/>En tal caso, aplicaremos medidas de seguridad eficaces que protejan su informaci\u00f3n en todo momento de personas no autorizadas que pretendan utilizarla en su propio beneficio.<\/p><p><strong>\u00a0<\/strong><\/p><p><strong>\u00bfUsaremos sus datos para otros fines?<\/strong><br \/>Nuestra pol\u00edtica es no usar sus datos para otras finalidades distintas a las que le hemos explicado. Si, no obstante, necesit\u00e1semos usar sus datos para actividades distintas, siempre le solicitaremos previamente su permiso a trav\u00e9s de opciones claras que le permitir\u00e1n decidir al respecto.<\/p>\t\t\t\t\t\t\t\t<\/div>\n\t\t\t\t<\/div>\n\t\t\t\t\t<\/div>\n\t\t\t\t<\/div>\n\t\t\t\t<\/div>\n\t\t\t\t<\/div>\n\t\t","protected":false},"excerpt":{"rendered":"<p>Pol\u00edtica de privacidad POL\u00cdTICA DE PRIVACIDAD \u201cSUS DATOS SEGUROS\u201d \u00a0 Informaci\u00f3n en cumplimiento de la normativa de protecci\u00f3n de datos personalesEn Europa y en Espa\u00f1a existen normas de protecci\u00f3n de datos pensadas para proteger su informaci\u00f3n personal de obligado cumplimiento para nuestra entidad.Por ello, es muy importante para nosotros que entienda perfectamente qu\u00e9 vamos a [&hellip;]<\/p>\n","protected":false},"author":1,"featured_media":0,"parent":0,"menu_order":0,"comment_status":"closed","ping_status":"closed","template":"elementor_header_footer","meta":{"_acf_changed":false,"footnotes":""},"class_list":["post-2974","page","type-page","status-publish","hentry"],"acf":[],"yoast_head":"<!-- This site is optimized with the Yoast SEO plugin v23.3 - https:\/\/yoast.com\/wordpress\/plugins\/seo\/ -->\n<title>Pol\u00edtica de privacidad - Highland Corporate<\/title>\n<meta name=\"robots\" content=\"index, follow, max-snippet:-1, max-image-preview:large, max-video-preview:-1\" \/>\n<link rel=\"canonical\" href=\"https:\/\/highlandcorporate.com\/en\/politica-de-privacidad\/\" \/>\n<meta property=\"og:locale\" content=\"en_US\" \/>\n<meta property=\"og:type\" content=\"article\" \/>\n<meta property=\"og:title\" content=\"Pol\u00edtica de privacidad - Highland Corporate\" \/>\n<meta property=\"og:description\" content=\"Pol\u00edtica de privacidad POL\u00cdTICA DE PRIVACIDAD \u201cSUS DATOS SEGUROS\u201d \u00a0 Informaci\u00f3n en cumplimiento de la normativa de protecci\u00f3n de datos personalesEn Europa y en Espa\u00f1a existen normas de protecci\u00f3n de datos pensadas para proteger su informaci\u00f3n personal de obligado cumplimiento para nuestra entidad.Por ello, es muy importante para nosotros que entienda perfectamente qu\u00e9 vamos a [&hellip;]\" \/>\n<meta property=\"og:url\" content=\"https:\/\/highlandcorporate.com\/en\/politica-de-privacidad\/\" \/>\n<meta property=\"og:site_name\" content=\"Highland Corporate\" \/>\n<meta property=\"article:modified_time\" content=\"2025-06-24T07:56:44+00:00\" \/>\n<meta name=\"twitter:card\" content=\"summary_large_image\" \/>\n<meta name=\"twitter:label1\" content=\"Est. reading time\" \/>\n\t<meta name=\"twitter:data1\" content=\"6 minutes\" \/>\n<script type=\"application\/ld+json\" class=\"yoast-schema-graph\">{\"@context\":\"https:\/\/schema.org\",\"@graph\":[{\"@type\":\"WebPage\",\"@id\":\"https:\/\/highlandcorporate.com\/en\/politica-de-privacidad\/\",\"url\":\"https:\/\/highlandcorporate.com\/en\/politica-de-privacidad\/\",\"name\":\"Pol\u00edtica de privacidad - Highland Corporate\",\"isPartOf\":{\"@id\":\"https:\/\/highlandcorporate.com\/en\/#website\"},\"datePublished\":\"2025-02-05T12:14:55+00:00\",\"dateModified\":\"2025-06-24T07:56:44+00:00\",\"breadcrumb\":{\"@id\":\"https:\/\/highlandcorporate.com\/en\/politica-de-privacidad\/#breadcrumb\"},\"inLanguage\":\"en-US\",\"potentialAction\":[{\"@type\":\"ReadAction\",\"target\":[\"https:\/\/highlandcorporate.com\/en\/politica-de-privacidad\/\"]}]},{\"@type\":\"BreadcrumbList\",\"@id\":\"https:\/\/highlandcorporate.com\/en\/politica-de-privacidad\/#breadcrumb\",\"itemListElement\":[{\"@type\":\"ListItem\",\"position\":1,\"name\":\"Portada\",\"item\":\"https:\/\/highlandcorporate.com\/en\/\"},{\"@type\":\"ListItem\",\"position\":2,\"name\":\"Pol\u00edtica de privacidad\"}]},{\"@type\":\"WebSite\",\"@id\":\"https:\/\/highlandcorporate.com\/en\/#website\",\"url\":\"https:\/\/highlandcorporate.com\/en\/\",\"name\":\"Highland Corporate\",\"description\":\"\",\"publisher\":{\"@id\":\"https:\/\/highlandcorporate.com\/en\/#organization\"},\"potentialAction\":[{\"@type\":\"SearchAction\",\"target\":{\"@type\":\"EntryPoint\",\"urlTemplate\":\"https:\/\/highlandcorporate.com\/en\/?s={search_term_string}\"},\"query-input\":\"required name=search_term_string\"}],\"inLanguage\":\"en-US\"},{\"@type\":\"Organization\",\"@id\":\"https:\/\/highlandcorporate.com\/en\/#organization\",\"name\":\"Highland Corporate\",\"url\":\"https:\/\/highlandcorporate.com\/en\/\",\"logo\":{\"@type\":\"ImageObject\",\"inLanguage\":\"en-US\",\"@id\":\"https:\/\/highlandcorporate.com\/en\/#\/schema\/logo\/image\/\",\"url\":\"https:\/\/highlandcorporate.com\/wp-content\/uploads\/2024\/08\/Recurso-7.svg\",\"contentUrl\":\"https:\/\/highlandcorporate.com\/wp-content\/uploads\/2024\/08\/Recurso-7.svg\",\"width\":281,\"height\":57,\"caption\":\"Highland Corporate\"},\"image\":{\"@id\":\"https:\/\/highlandcorporate.com\/en\/#\/schema\/logo\/image\/\"}}]}<\/script>\n<!-- \/ Yoast SEO plugin. -->","yoast_head_json":{"title":"Pol\u00edtica de privacidad - Highland Corporate","robots":{"index":"index","follow":"follow","max-snippet":"max-snippet:-1","max-image-preview":"max-image-preview:large","max-video-preview":"max-video-preview:-1"},"canonical":"https:\/\/highlandcorporate.com\/en\/politica-de-privacidad\/","og_locale":"en_US","og_type":"article","og_title":"Pol\u00edtica de privacidad - Highland Corporate","og_description":"Pol\u00edtica de privacidad POL\u00cdTICA DE PRIVACIDAD \u201cSUS DATOS SEGUROS\u201d \u00a0 Informaci\u00f3n en cumplimiento de la normativa de protecci\u00f3n de datos personalesEn Europa y en Espa\u00f1a existen normas de protecci\u00f3n de datos pensadas para proteger su informaci\u00f3n personal de obligado cumplimiento para nuestra entidad.Por ello, es muy importante para nosotros que entienda perfectamente qu\u00e9 vamos a [&hellip;]","og_url":"https:\/\/highlandcorporate.com\/en\/politica-de-privacidad\/","og_site_name":"Highland Corporate","article_modified_time":"2025-06-24T07:56:44+00:00","twitter_card":"summary_large_image","twitter_misc":{"Est. reading time":"6 minutes"},"schema":{"@context":"https:\/\/schema.org","@graph":[{"@type":"WebPage","@id":"https:\/\/highlandcorporate.com\/en\/politica-de-privacidad\/","url":"https:\/\/highlandcorporate.com\/en\/politica-de-privacidad\/","name":"Pol\u00edtica de privacidad - Highland Corporate","isPartOf":{"@id":"https:\/\/highlandcorporate.com\/en\/#website"},"datePublished":"2025-02-05T12:14:55+00:00","dateModified":"2025-06-24T07:56:44+00:00","breadcrumb":{"@id":"https:\/\/highlandcorporate.com\/en\/politica-de-privacidad\/#breadcrumb"},"inLanguage":"en-US","potentialAction":[{"@type":"ReadAction","target":["https:\/\/highlandcorporate.com\/en\/politica-de-privacidad\/"]}]},{"@type":"BreadcrumbList","@id":"https:\/\/highlandcorporate.com\/en\/politica-de-privacidad\/#breadcrumb","itemListElement":[{"@type":"ListItem","position":1,"name":"Portada","item":"https:\/\/highlandcorporate.com\/en\/"},{"@type":"ListItem","position":2,"name":"Pol\u00edtica de privacidad"}]},{"@type":"WebSite","@id":"https:\/\/highlandcorporate.com\/en\/#website","url":"https:\/\/highlandcorporate.com\/en\/","name":"Highland Corporate","description":"","publisher":{"@id":"https:\/\/highlandcorporate.com\/en\/#organization"},"potentialAction":[{"@type":"SearchAction","target":{"@type":"EntryPoint","urlTemplate":"https:\/\/highlandcorporate.com\/en\/?s={search_term_string}"},"query-input":"required name=search_term_string"}],"inLanguage":"en-US"},{"@type":"Organization","@id":"https:\/\/highlandcorporate.com\/en\/#organization","name":"Highland Corporate","url":"https:\/\/highlandcorporate.com\/en\/","logo":{"@type":"ImageObject","inLanguage":"en-US","@id":"https:\/\/highlandcorporate.com\/en\/#\/schema\/logo\/image\/","url":"https:\/\/highlandcorporate.com\/wp-content\/uploads\/2024\/08\/Recurso-7.svg","contentUrl":"https:\/\/highlandcorporate.com\/wp-content\/uploads\/2024\/08\/Recurso-7.svg","width":281,"height":57,"caption":"Highland Corporate"},"image":{"@id":"https:\/\/highlandcorporate.com\/en\/#\/schema\/logo\/image\/"}}]}},"_links":{"self":[{"href":"https:\/\/highlandcorporate.com\/en\/wp-json\/wp\/v2\/pages\/2974","targetHints":{"allow":["GET"]}}],"collection":[{"href":"https:\/\/highlandcorporate.com\/en\/wp-json\/wp\/v2\/pages"}],"about":[{"href":"https:\/\/highlandcorporate.com\/en\/wp-json\/wp\/v2\/types\/page"}],"author":[{"embeddable":true,"href":"https:\/\/highlandcorporate.com\/en\/wp-json\/wp\/v2\/users\/1"}],"replies":[{"embeddable":true,"href":"https:\/\/highlandcorporate.com\/en\/wp-json\/wp\/v2\/comments?post=2974"}],"version-history":[{"count":3,"href":"https:\/\/highlandcorporate.com\/en\/wp-json\/wp\/v2\/pages\/2974\/revisions"}],"predecessor-version":[{"id":3012,"href":"https:\/\/highlandcorporate.com\/en\/wp-json\/wp\/v2\/pages\/2974\/revisions\/3012"}],"wp:attachment":[{"href":"https:\/\/highlandcorporate.com\/en\/wp-json\/wp\/v2\/media?parent=2974"}],"curies":[{"name":"wp","href":"https:\/\/api.w.org\/{rel}","templated":true}]}}